{"id":303,"date":"2021-07-19T16:00:27","date_gmt":"2021-07-19T14:00:27","guid":{"rendered":"http:\/\/tow-away.it\/?page_id=303"},"modified":"2021-07-19T16:47:39","modified_gmt":"2021-07-19T14:47:39","slug":"contest","status":"publish","type":"page","link":"https:\/\/tow-away.it\/?page_id=303","title":{"rendered":"Contest"},"content":{"rendered":"\n<div class=\"wp-block-image\"><figure class=\"aligncenter size-full\"><img loading=\"lazy\" width=\"600\" height=\"88\" src=\"http:\/\/tow-away.it\/wp-content\/uploads\/2021\/07\/star-rating.png\" alt=\"\" class=\"wp-image-304\" srcset=\"https:\/\/tow-away.it\/wp-content\/uploads\/2021\/07\/star-rating.png 600w, https:\/\/tow-away.it\/wp-content\/uploads\/2021\/07\/star-rating-300x44.png 300w\" sizes=\"(max-width: 600px) 100vw, 600px\" \/><\/figure><\/div>\n\n\n\n<p class=\"has-text-align-center\"><strong>Vota il logo che preferisci<\/strong><\/p>\n\n\n\n<figure class=\"wp-block-table table { border: none; }\"><table><tbody><tr><td class=\"has-text-align-center\" data-align=\"center\"><img loading=\"lazy\" width=\"246\" height=\"153\" class=\"wp-image-305\" style=\"width: 150px;\" src=\"http:\/\/tow-away.it\/wp-content\/uploads\/2021\/07\/towaway_logo1.png\" alt=\"\"><\/td><td class=\"has-text-align-center\" data-align=\"center\"><img loading=\"lazy\" width=\"321\" height=\"195\" class=\"wp-image-306\" style=\"width: 150px;\" src=\"http:\/\/tow-away.it\/wp-content\/uploads\/2021\/07\/towaway_logo2.png\" alt=\"\" srcset=\"https:\/\/tow-away.it\/wp-content\/uploads\/2021\/07\/towaway_logo2.png 321w, https:\/\/tow-away.it\/wp-content\/uploads\/2021\/07\/towaway_logo2-300x182.png 300w\" sizes=\"(max-width: 321px) 100vw, 321px\" \/><\/td><td class=\"has-text-align-center\" data-align=\"center\"><img loading=\"lazy\" width=\"220\" height=\"113\" class=\"wp-image-317\" style=\"width: 150px;\" src=\"http:\/\/tow-away.it\/wp-content\/uploads\/2021\/07\/towaway_logo3-1.png\" alt=\"\"><\/td><\/tr><tr><td class=\"has-text-align-center\" data-align=\"center\"><strong>1<\/strong><\/td><td class=\"has-text-align-center\" data-align=\"center\"><strong>2<\/strong><\/td><td class=\"has-text-align-center\" data-align=\"center\"><strong>3<\/strong><\/td><\/tr><\/tbody><\/table><\/figure>\n\n\n\n<p class=\"has-text-align-center\"><strong>Valutazione dei risultati<\/strong><\/p>\n\n\n\n<ol><li><strong>06.1%   (7)<\/strong><\/li><li><strong>64.1%   (73)<\/strong>   <strong>&#8211;   <span class=\"has-inline-color has-vivid-red-color\">WINNER!<\/span><\/strong><\/li><li><strong>29.8%   (34)<\/strong><\/li><\/ol>\n\n\n\n<p>Il contest \u00e8 chiuso. Non \u00e8 pi\u00f9 possibile esprimere la propria preferenza.<\/p>\n","protected":false},"excerpt":{"rendered":"<p>Vota il logo che preferisci 1 2 3 Valutazione dei risultati 06.1% (7) 64.1% (73) &#8211; WINNER! 29.8% (34) Il contest \u00e8 chiuso. Non \u00e8 pi\u00f9 possibile esprimere la propria preferenza.<\/p>\n","protected":false},"author":1,"featured_media":0,"parent":0,"menu_order":0,"comment_status":"closed","ping_status":"closed","template":"","meta":{"_bbp_topic_count":0,"_bbp_reply_count":0,"_bbp_total_topic_count":0,"_bbp_total_reply_count":0,"_bbp_voice_count":0,"_bbp_anonymous_reply_count":0,"_bbp_topic_count_hidden":0,"_bbp_reply_count_hidden":0,"_bbp_forum_subforum_count":0},"_links":{"self":[{"href":"https:\/\/tow-away.it\/index.php?rest_route=\/wp\/v2\/pages\/303"}],"collection":[{"href":"https:\/\/tow-away.it\/index.php?rest_route=\/wp\/v2\/pages"}],"about":[{"href":"https:\/\/tow-away.it\/index.php?rest_route=\/wp\/v2\/types\/page"}],"author":[{"embeddable":true,"href":"https:\/\/tow-away.it\/index.php?rest_route=\/wp\/v2\/users\/1"}],"replies":[{"embeddable":true,"href":"https:\/\/tow-away.it\/index.php?rest_route=%2Fwp%2Fv2%2Fcomments&post=303"}],"version-history":[{"count":8,"href":"https:\/\/tow-away.it\/index.php?rest_route=\/wp\/v2\/pages\/303\/revisions"}],"predecessor-version":[{"id":319,"href":"https:\/\/tow-away.it\/index.php?rest_route=\/wp\/v2\/pages\/303\/revisions\/319"}],"wp:attachment":[{"href":"https:\/\/tow-away.it\/index.php?rest_route=%2Fwp%2Fv2%2Fmedia&parent=303"}],"curies":[{"name":"wp","href":"https:\/\/api.w.org\/{rel}","templated":true}]}}