{"id":29,"date":"2020-09-03T11:50:15","date_gmt":"2020-09-03T09:50:15","guid":{"rendered":"http:\/\/localhost:8080\/?page_id=29"},"modified":"2023-07-07T08:30:32","modified_gmt":"2023-07-07T06:30:32","slug":"mesmerize","status":"publish","type":"page","link":"https:\/\/tow-away.it\/","title":{"rendered":"Front Page"},"content":{"rendered":"<div id=\"a-cosa-serve\" class=\"about-4 content-section content-section-spacing\" style=\"background-color: #ffffff;\" data-label=\"A cosa serve\" data-id=\"about--3\" data-export-id=\"about-4\" data-category=\"about\">\n<div class=\"gridContainer\">\n<div class=\"row middle-sm text-center\">\n<div class=\"col-sm-5 space-bottom-xs\" data-type=\"column\">\n<h2 class=\"\">IL PROGETTO<\/h2>\n<ul>\n \t<li>FINALITA:<\/li>\n<\/ul>\n<p class=\"\">Il sistema Tow-Away \u00e8 un sistema di digitalizzazione destinato alle pubbliche amministrazioni, in particolare destinato alle amministrazioni comunali.<\/p>\nTow-Away consente la gestione integrata e totalmente digitale del flusso operativo relativo alla gestione dei passi carrabili. Il sistema \u00e8 cloud based e consente la condivisione del processo amministrativo tra tutti gli attori coinvolti, ivi inclusa la polizia locale. Una particolare sezione del sistema \u00e8 destinata al cittadino per consentire sia l\u2019interfaccia verso l\u2019amministrazione pubblica, sia per la trasparenza degli atti pubblici.\n\nTow-Away consente inoltre di evidenziare la presenza di contrassegni scaduti o contraffatti sul territorio comunale grazie al retrieving di informazioni direttamente dal territorio tramite l\u2019inclusione della cittadinanza attiva o direttamente da database georeferenziati pubblicamente disponibili\n<ul>\n \t<li>RISULTATI:<\/li>\n<\/ul>\nIl sistema realizzato \u00e8 cloud based, reso sicuro da robuste tecniche di sicurezza.\n\nLa sezione utente \u00e8 un portale web ed una app mobile, entrambi specializzate in base ai profili utenti.\n\nA livello di funzionalit\u00e0, sono state realizzatele seguenti <strong>features<\/strong>:\n<ol>\n \t<li>L\u2019amministrazione pu\u00f2inserire e gestire i dati dei passi carrabili e gestire i vari processi collegati tramite la piattaforma potendo anche controllare ed aggiornare lo stato dei pagamenti.<\/li>\n \t<li>L\u2019amministrazione potr\u00e0, per mezzo dello smartphone che ha in dotazione, verificare i dati e lo stato di validit\u00e0 dei contrassegni direttamente in strada ed in real time. Potr\u00e0 altres\u00ec verificare la delibera di concessione ed in particolare che i requisiti per la concessione sussistano.<\/li>\n \t<li>Il cittadino pu\u00f2 verificare lo stato del suo passo carrabile, e verificare lo stato dei passi carrabili che incontra in citt\u00e0 (per privacy \u00e8 stata inibita la funzionalit\u00e0, ma \u00e8 prevista).<\/li>\n \t<li>Personale autorizzato (percettori di RED) possono rilevare passi carrabili scaduti o abusivi e possono inserirli in una lista di passi su cui fare accertamenti e verbali.<\/li>\n<\/ol>\nAl fine di realizzare queste funzionalit\u00e0, sono stati realizzati <strong>5 moduli innovativi<\/strong> utilizzanti le seguenti tecnologie:\n<ol>\n \t<li>Image processing per la lettura del contrassegno tramite fotocamera. La foto del contrassegno abusivo sar\u00e0 allegata alla segnalazione.<\/li>\n \t<li>Sensor\/Data fusion per la localizzazione del punto preciso in cui viene effettuata la foto<\/li>\n \t<li>Sistema di ticketing per la evasione delle segnalazioni (funzionalit\u00e0 inibita per problemi di privacy)<\/li>\n \t<li>Sistema di gamification per il coinvolgimento del cittadino<\/li>\n \t<li>Sistema di supporto alle decisioni (DSS) per la gestione della priorit\u00e0 dei controlli e l\u2019affidabilit\u00e0 delle segnalazioni provenienti dagli utenti al fine di migliorare l\u2019efficacia del processo di controllo.<\/li>\n<\/ol>\n<!-- \/wp:paragraph -->\n\n<\/div>\n<div class=\"col-sm-7 flexbox center-xs middle-xs image-group-2-img\"><img class=\"img-1 shadow-large\" title=\"cropped-fb_img_1541914362822-2.jpg\" src=\"http:\/\/tow-away.it\/wp-content\/uploads\/2020\/09\/cropped-fb_img_1541914362822-2.jpg\" alt=\"\" data-size=\"250x200\" \/> <img class=\"img-2 shadow-large\" title=\"cropped-via-deledda-modugno-1-2.jpg\" src=\"http:\/\/tow-away.it\/wp-content\/uploads\/2020\/09\/cropped-via-deledda-modugno-1-2.jpg\" alt=\"\" data-size=\"220x170\" \/><\/div>\n<\/div>\n<\/div>\n<\/div>\n<div id=\"a-cosa-serve-1\" class=\"overlappable-4 content-section content-section-spacing\" style=\"background-color: #ffffff; background-image: none;\" data-label=\"A cosa serve\" data-id=\"overlappable-4\" data-export-id=\"overlappable-4\" data-category=\"overlappable\" data-overlap=\"true\">\n<div class=\"gridContainer\">\n<div class=\"row spaced-cols text-center\" data-type=\"row\">\n<div class=\"col-xs-12 col-sm-4 col-padding\"><i class=\"fa icon shadow-large-black aligncenter color1 fa-clipboard reverse round big\"><\/i>\n<div class=\"\" data-type=\"column\">\n<h5 class=\"\">Aumento del gettito fiscale<\/h5>\n<p class=\"\">Grazie al recupero dei canoni non versati e alla conversione delle insegne e dei passi carrabili abusivi non autorizzati<\/p>\n\n<\/div>\n<\/div>\n<div class=\"col-xs-12 col-sm-4 col-padding\"><i class=\"fa icon shadow-large-black aligncenter color1 fa-archive reverse round big\"><\/i>\n<div class=\"\" data-type=\"column\">\n<h5 class=\"\">Digitalizzare e dematerializzare dei processi<\/h5>\n<p class=\"\">Grazie all\u2019eliminazione dei registri cartacei e alla riduzione del carico del personale<\/p>\n\n<\/div>\n<\/div>\n<div class=\"col-xs-12 col-sm-4 col-padding\"><i class=\"fa icon shadow-large-black aligncenter color1 fa-map-pin reverse round big\"><\/i>\n<div class=\"\" data-type=\"column\">\n<h5 class=\"\">Strumento per la verifica on site della validit\u00e0 dei contrassegni esposti<\/h5>\n<p class=\"\">Tale strumento \u00e8 utile non solo in caso di controlli straordinari, ma anche in caso di normale esercizio delle attivit\u00e0 di vigilanza.<\/p>\n\n<\/div>\n<\/div>\n<div class=\"col-xs-12 col-sm-4 col-padding\"><i class=\"fa icon shadow-large-black aligncenter color1 fa-money reverse round big\"><\/i>\n<div class=\"\" data-type=\"column\">\n<h5 class=\"\">Ridurre il carico fiscale<\/h5>\n<p class=\"\">I cittadini onesti risparmieranno grazie all\u2019emersione dell\u2019evasione<\/p>\n\n<\/div>\n<\/div>\n<div class=\"col-xs-12 col-sm-4 col-padding\"><i class=\"fa icon shadow-large-black aligncenter color1 fa-balance-scale reverse round big\"><\/i>\n<div class=\"\" data-type=\"column\">\n<h5 class=\"\">Regolarizzare le entrate<\/h5>\n<p class=\"\">Grazie ai pagamenti dei canoni per i passi carrabili<\/p>\n\n<\/div>\n<\/div>\n<div class=\"col-xs-12 col-sm-4 col-padding\"><i class=\"fa icon shadow-large-black aligncenter color1 fa-users reverse round big\"><\/i>\n<div class=\"\" data-type=\"column\">\n<h5 class=\"\">Cittadino si rende promotore della legalit\u00e0<\/h5>\n<p class=\"\">Grazie all\u2019utilizzo dell\u2019app messa a disposizione della cittadinanza, sar\u00e0 possibile interaginre con la pubblica amministrazione<\/p>\n\n<\/div>\n<\/div>\n<\/div>\n<\/div>\n<\/div>\n<div id=\"obiettivo\" class=\"about-1 content-section\" style=\"background-color: #ffffff; background-image: none;\" data-label=\"Obiettivo\" data-id=\"about-1\" data-export-id=\"about-1\" data-category=\"about\">\n<div class=\"gridContainer\">\n<div class=\"row text-center\">\n<div class=\"section-title-col\" data-type=\"column\">\n<h2 class=\"\">Obiettivo<\/h2>\n<p class=\"lead\"><\/p>\n<!-- wp:paragraph -->\n<p class=\"\">L\u2019obiettivo primario del progetto \u00e8 quello di sperimentare una piattaforma web integrata che permetta in modo efficace la condivisione delle informazioni e le interazioni tra i vari attori coinvolti nella gestione dei passi carrabili per le amministrazioni comunali.<\/p>\nIl sistema permette la gestione di diverse fasi:\n\u2013 Richiesta di concessione\n\u2013Verifiche tecniche ed eventuali richieste di integrazioni\n\n-Rilascio delle autorizzazioni\n-Emissione degli avvisi di pagamento e tracciamento delle riscossioni\n\nIl sistema fornisce una Dashboard con diverse funzionalit\u00e0, le principali sono: -Visualizzazione GIS delle concessioni rilasciate\n\u2013N. di pratiche evase\/sospese\/respinte\n\u2013Trend delle richieste di nuove concessioni\n\u2013Trend delle richieste di regolarizzazione\n\n-N\u00b0 di segnalazioni attendibili di contrassegni irregolari\n\n-Ispezioni effettuate e loro esiti\n\n<br class=\"\" \/><!-- \/wp:list -->\n\n<\/div>\n<\/div>\n<div class=\"row\">\n<div class=\"button-holder space-bottom space-bottom-small\" data-type=\"column\"><\/div>\n<div class=\"col-xs bottom-xs flexbox image-group-bottom-3-img space-bottom-xs center-xs\"><img class=\"left-img shadow-large-black\" title=\"cropped-john-matychuk-yvfp5YHWGsc-unsplash-scaled-2.jpg\" src=\"http:\/\/tow-away.it\/wp-content\/uploads\/2020\/09\/cropped-john-matychuk-yvfp5YHWGsc-unsplash-scaled-2.jpg\" alt=\"\" data-size=\"500x300\" \/> <img class=\"center-img shadow-large-black\" title=\"cropped-passo_carrabile-1.jpg\" src=\"http:\/\/tow-away.it\/wp-content\/uploads\/2020\/09\/cropped-passo_carrabile-1.jpg\" alt=\"\" data-size=\"500x300\" \/> <a class=\"right-img-anchor\" href=\"#\" target=\"_self\" rel=\"noopener noreferrer\" data-cp-link=\"1\"><img class=\"right-img shadow-large-black\" src=\"http:\/\/tow-away.it\/wp-content\/plugins\/mesmerize-companion\/theme-data\/mesmerize\/sections\/images\/laptop-2559795.jpg\" data-size=\"500x300\" \/><\/a><\/div>\n<\/div>\n<\/div>\n<\/div>\n<div id=\"risultati-pubblici\" class=\"content-12 content-section content-section-spacing\" style=\"background-color: #ffffff;\" data-label=\"Risultati pubblici\" data-id=\"content--3\" data-export-id=\"content-12\" data-category=\"content\">\n<div class=\"gridContainer\">\n<div class=\"row text-center\">\n<div class=\"section-title-col\" data-type=\"column\">\n<h2 class=\"\">Risultati pubblici<\/h2>\n<p class=\"lead\"><span style=\"color: #57585a; font-family: 'Open Sans'; font-size: 16px; text-align: left;\">Per chi fosse interessato ai rissultati pubblici del progetto \u00e8 possibile scaricarli dai seguenti link:<\/span><\/p>\n<a class=\"link\" href=\"http:\/\/tow-away.it\/wp-content\/uploads\/2021\/07\/D4_Tow-Away_Prototipo-throw-away_v1.8.pdf\" target=\"_self\" rel=\"noopener noreferrer\" data-cp-link=\"1\">\u2022 D4. Prototipo Tow-Away v1.8<\/a>\n<p class=\"\"><\/p>\n<a class=\"link\" href=\"http:\/\/tow-away.it\/wp-content\/uploads\/2021\/07\/D5_Tow-Away_Prototipo-Beta_v1.1.pdf\" target=\"_self\" rel=\"noopener noreferrer\" data-cp-link=\"1\">\u2022 D5. Prototipo Beta v1.1<\/a>\n<p class=\"\"><\/p>\n<a class=\"link\" href=\"http:\/\/tow-away.it\/wp-content\/uploads\/2021\/07\/D6_Tow-Away_Manuale-utilizzo-v2.3.pdf\" target=\"_self\" rel=\"noopener noreferrer\" data-cp-link=\"1\">\u2022 D6. Manuale d\u2019utilizzo v2.3<\/a>\n<p class=\"lead\"><\/p>\n<a class=\"link\" href=\"http:\/\/tow-away.it\/wp-content\/uploads\/2022\/02\/D7-Prototipi-versione-testing_v1.0.pdf\" target=\"_self\" rel=\"noopener noreferrer\" data-cp-link=\"1\">\u2022 D7. Prototipi versione testing v1.0<\/a>\n<p class=\"lead\"><\/p>\n<a class=\"link\" href=\"http:\/\/tow-away.it\/wp-content\/uploads\/2022\/02\/D8-Manuali-di-utilizzo-V1.9.pdf\" target=\"_self\" rel=\"noopener noreferrer\" data-cp-link=\"1\">\u2022 D8. Manuali di utilizzo v1.9<\/a>\n<p class=\"lead\"><\/p>\n<a class=\"link\" href=\"http:\/\/tow-away.it\/wp-content\/uploads\/2022\/02\/D10.-Report-finale-sulle-attivita-di-testing-.pdf\" target=\"_self\" rel=\"noopener noreferrer\" data-cp-link=\"1\">\u2022 D10. Report finale sulle attivit\u00e0 di testing<\/a>\n<p class=\"lead\"><\/p>\n<a class=\"link\" href=\"http:\/\/tow-away.it\/wp-content\/uploads\/2022\/02\/D11-Report-bug-fixing-e-aggiornamenti.pdf\" target=\"_self\" rel=\"noopener noreferrer\" data-cp-link=\"1\">\u2022 D11. Report bug fixing e aggiornamenti<\/a>\n<p class=\"lead\"><\/p>\n<a class=\"link\" href=\"http:\/\/tow-away.it\/wp-content\/uploads\/2022\/02\/D13.-Report-sulle-attivita-di-dimostrazione-e-presentazione-in-modalita-demo-lab-pubblico-delle-soluzioni-prototipali-sviluppate-v1.0.pdf\" target=\"_self\" rel=\"noopener noreferrer\" data-cp-link=\"1\">\u2022 D13. Report sulle attivit\u00e0 di dimostrazione e presentazione in modalit\u00e0 demo lab pubblico delle soluzioni prototipali sviluppate v1.0<\/a>\n\n<\/div>\n<\/div>\n<div class=\"row center-xs middle-xs\">\n<div class=\"col-sm-9\" data-type=\"column\"><\/div>\n<\/div>\n<\/div>\n<\/div>\n<div id=\"digitalizzazione\" class=\"content-2 content-section content-section-spacing\" style=\"background-color: #ffffff; background-image: none;\" data-label=\"Digitalizzazione\" data-id=\"content-2\" data-export-id=\"content-2\" data-category=\"content\">\n<div class=\"gridContainer\">\n<div class=\"row middle-xs\">\n<div class=\"col-sm-5 bg-image shadow-large-black\" data-bg=\"image\"><\/div>\n<div class=\"col-sm-7 full-col-left-padding full-col-right-padding\">\n<div class=\"row\">\n<div class=\"space-bottom-small content-title-col\" data-type=\"column\">\n<h2 class=\"\">E-GOV<\/h2>\n<p class=\"\">Il governo elettronico per la Pubblica Amministrazione (e-government) si realizza attraverso l\u2019introduzione di sistemi di gestione digitalizzata di processi e archivi dati. L\u2019introduzione di sistemi informatici di gestione \u00e8 attivit\u00e0 propedeutica ad azioni di cambiamento organizzativo e permette di ottimizzare il lavoro degli enti in termini di miglioramento dell\u2019efficienza, economicit\u00e0 e migliore accessibilit\u00e0 ai servizi pubblici.\nL\u2019introduzione di un sistema di e-gov permette di digitalizzare il processo rendendo disponibili le informazioni ai diversi attori coinvolti e permettendo il controllo del processo stesso a diverse tipologie di utente, ovviamente su diversi livelli decisionali.<\/p>\n\n<\/div>\n<\/div>\n<div class=\"row spaced-cols \" data-type=\"row\">\n<div class=\"col-xs-6 col-md-12\" data-type=\"column\"><\/div>\n<\/div>\n<\/div>\n<\/div>\n<\/div>\n<\/div>\n<div id=\"patrocinio\" class=\"clients-4 content-section content-section-spacing-small\" style=\"background-color: #ffffff; background-image: none;\" data-label=\"patrocinio\" data-id=\"clients--2\" data-export-id=\"clients-4\" data-category=\"clients\">\n<div class=\"gridContainer\">\n<div class=\"row\">\n<div class=\"section-title-col\" data-type=\"column\">\n<h2 class=\"font-700\">Sostegno Finanziario dell&#8217;UE<\/h2>\n<\/div>\n<\/div>\n<div class=\"row spaced-cols middle-xs center-xs space-bottom padding-lr\" data-type=\"row\">\n<div class=\"col-xs-6 col-sm-2\"><img class=\"\" title=\"cropped-Logo-Unione-Europea-1.jpg\" src=\"http:\/\/tow-away.it\/wp-content\/uploads\/2020\/09\/cropped-Logo-Unione-Europea-1.jpg\" alt=\"\" \/><\/div>\n<div class=\"col-xs-6 col-sm-2\"><img class=\"\" title=\"cropped-a-1.png\" src=\"http:\/\/tow-away.it\/wp-content\/uploads\/2020\/09\/cropped-a-1.png\" alt=\"\" \/><\/div>\n<div class=\"col-xs-6 col-sm-2\"><img class=\"\" title=\"cropped-b-2.png\" src=\"http:\/\/tow-away.it\/wp-content\/uploads\/2020\/09\/cropped-b-2.png\" alt=\"\" \/><\/div>\n<div class=\"col-xs-6 col-sm-2\"><img class=\"\" title=\"cropped-c-1.png\" src=\"http:\/\/tow-away.it\/wp-content\/uploads\/2020\/09\/cropped-c-1.png\" alt=\"\" \/><\/div>\n<div class=\"col-xs-6 col-sm-2\"><img class=\"\" title=\"cropped-inno-1.png\" src=\"http:\/\/tow-away.it\/wp-content\/uploads\/2020\/09\/cropped-inno-1.png\" alt=\"\" \/><\/div>\n<\/div>\n<\/div>\n<\/div>\n<div id=\"patrocinio-1\" class=\"content-7 content-section content-section-spacing\" style=\"background-color: #ffffff;\" data-label=\"patrocinio\" data-id=\"content--2\" data-export-id=\"content-7\" data-category=\"content\">\n<div class=\"gridContainer\">\n<div class=\"row middle-sm\">\n<div class=\"col-sm-6 space-bottom-xs\" data-type=\"column\">\n<ul>\n \t<li>Tow-Away \u00e8 un progetto finanziato nell\u02bcambito dell\u2019Avviso Pubblico \u2018INNOLABS\u2019:\n[POR Puglia FESR-FSE 2014-2020 \u2013 Asse prioritario 1 \u2013 Ricerca, sviluppo tecnologico, innovazione Azione 1.4.b \u201cSupporto alla generazione di soluzioni innovative a specifici problemi di rilevanza sociale\u201d \u2013 Avviso Pubblico \u201cINNOLABS SOSTEGNO ALLA CREAZIONE DI SOLUZIONI INNOVATIVE FINALIZZATE A SPECIFICI PROBLEMI DI RILEVANZA SOCIALE\u201d, approvato con Determinazione n. 13 del 08\/02\/2017 del Dirigente della Sezione Ricerca, Innovazione e Capacit\u00e0 Istituzionali \u2013 Regione Puglia (BURP n. 27 del 02\/03\/2017) modificato con Determinazione n. 37 del 28\/03\/2017 del Dirigente della Sezione Ricerca, Innovazione e Capacit\u00e0 Istituzionali \u2013 Regione Puglia (BURP n. 42 del 06\/04\/2017)].<\/li>\n \t<li>Cod. Progetto: 42JRML2<\/li>\n \t<li>Costi sostenuti: \u20ac 268.900,40<\/li>\n \t<li>Contributo massimo ammissibile: \u20ac 119.806,46<\/li>\n \t<li>Dominio di Riferimento: Governo Elettronico per la PA<\/li>\n \t<li>Ambito di innovazione del progetto: Comunit\u00e0 digitali, creative e inclusive<\/li>\n \t<li>Community di specializzazione: Smart Cities &amp; Community<\/li>\n \t<li>Richiesta di Fabbisogno: RFB_1254 \u201cMONITORAGGIO SMART DEI PASSI CARRABILI\u201d<\/li>\n<\/ul>\n<\/div>\n<div class=\"col-sm-6\" data-type=\"column\"><img class=\"shadow-large\" title=\"cropped-towaway-logo-3.png\" src=\"http:\/\/tow-away.it\/wp-content\/uploads\/2020\/09\/cropped-towaway-logo-3.png\" alt=\"\" \/><\/div>\n<\/div>\n<\/div>\n<\/div>\n<div id=\"chi-siamo-1\" class=\"about-10 content-section content-section-spacing\" style=\"background-color: #ffffff;\" data-label=\"Chi siamo\" data-id=\"about--2\" data-export-id=\"about-10\" data-category=\"about\">\n<div class=\"gridContainer\">\n<div class=\"row middle-sm text-center\">\n<div class=\"col-sm-5 space-bottom-xs content-column content-right-sm\" data-type=\"column\">\n<h2 class=\"\">Chi siamo<\/h2>\n<p class=\"\"><\/p>\n<p class=\"\">MASVIS \u00e8 una PMI innovativa costituita nel 2014. La societ\u00e0 opera nel campo della ricerca e sviluppo e dell\u2019innovazione in relazione al settore informatico ed elettronico.<\/p>\n<p class=\"\">Il core business della societ\u00e0 \u00e8 quello di creare innovazione per altre aziende o per pubbliche amministrazioni tramite l\u2019ideazione, la progettazione, la prototipazione e l\u2019industrializzazione di sistemi infromatici e elettronici che rispondano alla risoluzione di specifici bisogni dei clienti stessi.<\/p>\n<p class=\"\">Masvis \u00e8 dotata di ricercatori e progettisti in ambito informatico e elettronico. Il Team \u00e8 in grado sia di assumere il ruolo di Innovation Manager sia di produrre effettivamente lo strumento digitale o il dispositivo elettronico attraverso il quale si concretizza l\u2019innovazione.<\/p>\n<br class=\"\" \/><!-- \/wp:paragraph --><br class=\"\" \/><a class=\"button color1\" href=\"http:\/\/masvis.com\" target=\"_self\" rel=\"noopener noreferrer\" data-cp-link=\"1\">SITO WEB<\/a>\n\n<\/div>\n<div class=\"col-sm-7 flexbox middle-xs center-xs space-bottom-xs\">\n<div class=\"overlay-box middle-xs center-xs flexbox\">\n<div class=\"overlay-box-offset offset-border shadow-medium border-color1 hide-xs\"><\/div>\n<img class=\"shadow-large\" title=\"cropped-3dlogomasvis1.jpg\" src=\"http:\/\/tow-away.it\/wp-content\/uploads\/2020\/09\/cropped-3dlogomasvis1.jpg\" alt=\"\" data-size=\"485x705\" \/>\n\n<\/div>\n<\/div>\n<\/div>\n<\/div>\n<\/div>\n<div id=\"news\" class=\"blog-section blog-section-standard content-section content-section-spacing\" style=\"background-color: #ffffff;\" data-label=\"News\" data-id=\"latest_news--1\" data-export-id=\"blog-section\" data-category=\"latest_news\">\n<div class=\"gridContainer\">\n<div class=\"row\">\n<div class=\"section-title-col\" data-type=\"column\">\n<h2 class=\"\">News<\/h2>\n<p class=\"lead\">Non sono state pubblicate news negli ultimi 30 giorni.<\/p>\n\n<\/div>\n<\/div>\n<div class=\"row\">\n<div data-type=\"row\" data-dynamic-columns=\"handled\" data-content-shortcode=\"mesmerize_latest_news\">        <div class=\"row center-sm content-left-sm\">\n            <\/div>\n    <\/div>\n<\/div>\n<div class=\"row\">\n<div class=\"text-center\"><a class=\"button color1\" href=\"https:\/\/tow-away.it\/?page_id=30\" data-attr-shortcode=\"href:mesmerize_blog_link\">Vedi tutti i post<\/a><\/div>\n<\/div>\n<\/div>\n<\/div>\n<div id=\"contatti\" class=\"contact-1 content-section content-section-spacing white-text\" data-label=\"contatti\" data-id=\"contact-1\" data-export-id=\"contact-1\" data-category=\"contact\" data-parallax-depth=\"20\">\n<div class=\"gridContainer\">\n<div class=\"row text-center\">\n<div class=\"section-title-col\" data-type=\"column\">\n<h2 class=\"\">Inviaci un suggerimento<\/h2>\n<\/div>\n<\/div>\n<div class=\"row text-center\">\n<div class=\"col-xs-12 col-sm-8 col-sm-offset-2 contact-form-wrapper inline-info\">\n<div class=\"card large-padding\">\n<div class=\"\" data-content-shortcode=\"mesmerize_contact_form shortcode=&quot;wpforms id=&amp;amp;quot;97&amp;amp;quot;&quot;\" data-editable=\"true\"><div class=\"wpforms-container wpforms-container-full\" id=\"wpforms-97\"><form id=\"wpforms-form-97\" class=\"wpforms-validate wpforms-form\" data-formid=\"97\" method=\"post\" enctype=\"multipart\/form-data\" action=\"\/index.php?rest_route=%2Fwp%2Fv2%2Fpages%2F29\" data-token=\"b17d020287a2678de86455b70aeb865b\"><noscript class=\"wpforms-error-noscript\">Abilita JavaScript nel browser per completare questo modulo.<\/noscript><div class=\"wpforms-field-container\"><div id=\"wpforms-97-field_0-container\" class=\"wpforms-field wpforms-field-name\" data-field-id=\"0\"><label class=\"wpforms-field-label\" for=\"wpforms-97-field_0\">Nome <span class=\"wpforms-required-label\">*<\/span><\/label><div class=\"wpforms-field-row wpforms-field-large\"><div class=\"wpforms-field-row-block wpforms-first wpforms-one-half\"><input type=\"text\" id=\"wpforms-97-field_0\" class=\"wpforms-field-name-first wpforms-field-required\" name=\"wpforms[fields][0][first]\" required><label for=\"wpforms-97-field_0\" class=\"wpforms-field-sublabel after \">Nome<\/label><\/div><div class=\"wpforms-field-row-block wpforms-one-half\"><input type=\"text\" id=\"wpforms-97-field_0-last\" class=\"wpforms-field-name-last wpforms-field-required\" name=\"wpforms[fields][0][last]\" required><label for=\"wpforms-97-field_0-last\" class=\"wpforms-field-sublabel after \">Cognome<\/label><\/div><\/div><\/div><div id=\"wpforms-97-field_1-container\" class=\"wpforms-field wpforms-field-email\" data-field-id=\"1\"><label class=\"wpforms-field-label\" for=\"wpforms-97-field_1\">Email <span class=\"wpforms-required-label\">*<\/span><\/label><input type=\"email\" id=\"wpforms-97-field_1\" class=\"wpforms-field-large wpforms-field-required\" name=\"wpforms[fields][1]\" required><\/div><div id=\"wpforms-97-field_2-container\" class=\"wpforms-field wpforms-field-textarea\" data-field-id=\"2\"><label class=\"wpforms-field-label\" for=\"wpforms-97-field_2\">Suggerimento <span class=\"wpforms-required-label\">*<\/span><\/label><textarea id=\"wpforms-97-field_2\" class=\"wpforms-field-large wpforms-field-required\" name=\"wpforms[fields][2]\" required><\/textarea><\/div><\/div><input type=\"hidden\" name=\"wpforms[recaptcha]\" value=\"\"><div class=\"wpforms-submit-container\" ><input type=\"hidden\" name=\"wpforms[id]\" value=\"97\"><input type=\"hidden\" name=\"wpforms[author]\" value=\"1\"><button type=\"submit\" name=\"wpforms[submit]\" class=\"wpforms-submit \" id=\"wpforms-submit-97\" value=\"wpforms-submit\" aria-live=\"assertive\" >Invia<\/button><\/div><\/form><\/div>  <!-- .wpforms-container --><\/div>\n<\/div>\n<\/div>\n<\/div>\n<\/div>\n<\/div>\n<div id=\"la-tua-opinione\" class=\"cta-blue-section content-section content-section-spacing-medium bg-color1 white-text\" data-label=\"La tua opinione\" data-id=\"cta--1\" data-export-id=\"cta-blue-section\" data-category=\"cta\">\n<div class=\"gridContainer\">\n<div class=\"row middle-xs\">\n<div class=\"col-sm-8 space-bottom-xs\" data-type=\"column\">\n<h2 class=\"\">Facci sapere cosa ne pensi<\/h2>\n<\/div>\n<div class=\"col-sm-4 end-sm\" data-type=\"column\"><a class=\"button color2\" href=\"http:\/\/tow-away.it?page_id=119\" target=\"_self\" rel=\"noopener noreferrer\" data-cp-link=\"1\">Lascia la tua opinione<\/a><\/div>\n<\/div>\n<\/div>\n<\/div>","protected":false},"excerpt":{"rendered":"<p>IL PROGETTO FINALITA: Il sistema Tow-Away \u00e8 un sistema di digitalizzazione destinato alle pubbliche amministrazioni, in particolare destinato alle amministrazioni comunali. Tow-Away consente la gestione integrata e totalmente digitale del flusso operativo relativo alla gestione dei passi carrabili. Il sistema \u00e8 cloud based e consente la condivisione del processo amministrativo tra tutti gli attori coinvolti,&hellip; <br \/> <a class=\"read-more\" href=\"https:\/\/tow-away.it\/\">Leggi tutto<\/a><\/p>\n","protected":false},"author":1,"featured_media":0,"parent":0,"menu_order":0,"comment_status":"closed","ping_status":"closed","template":"page-templates\/homepage.php","meta":{"_bbp_topic_count":0,"_bbp_reply_count":0,"_bbp_total_topic_count":0,"_bbp_total_reply_count":0,"_bbp_voice_count":0,"_bbp_anonymous_reply_count":0,"_bbp_topic_count_hidden":0,"_bbp_reply_count_hidden":0,"_bbp_forum_subforum_count":0},"_links":{"self":[{"href":"https:\/\/tow-away.it\/index.php?rest_route=\/wp\/v2\/pages\/29"}],"collection":[{"href":"https:\/\/tow-away.it\/index.php?rest_route=\/wp\/v2\/pages"}],"about":[{"href":"https:\/\/tow-away.it\/index.php?rest_route=\/wp\/v2\/types\/page"}],"author":[{"embeddable":true,"href":"https:\/\/tow-away.it\/index.php?rest_route=\/wp\/v2\/users\/1"}],"replies":[{"embeddable":true,"href":"https:\/\/tow-away.it\/index.php?rest_route=%2Fwp%2Fv2%2Fcomments&post=29"}],"version-history":[{"count":64,"href":"https:\/\/tow-away.it\/index.php?rest_route=\/wp\/v2\/pages\/29\/revisions"}],"predecessor-version":[{"id":377,"href":"https:\/\/tow-away.it\/index.php?rest_route=\/wp\/v2\/pages\/29\/revisions\/377"}],"wp:attachment":[{"href":"https:\/\/tow-away.it\/index.php?rest_route=%2Fwp%2Fv2%2Fmedia&parent=29"}],"curies":[{"name":"wp","href":"https:\/\/api.w.org\/{rel}","templated":true}]}}